{"id":880,"date":"2020-09-21T18:02:31","date_gmt":"2020-09-21T16:02:31","guid":{"rendered":"http:\/\/amicale-maquettistes.be\/?page_id=880"},"modified":"2026-01-05T13:28:01","modified_gmt":"2026-01-05T12:28:01","slug":"sommaire-du-kit","status":"publish","type":"page","link":"https:\/\/www.amicale-maquettistes.be\/?page_id=880","title":{"rendered":"Kit IPMS \/ Colors"},"content":{"rendered":"\n<h2 class=\"wp-block-heading\">Sommaire du Kit<\/h2>\n\n\n\n<p>Parcourez ou t\u00e9l\u00e9chargez, ci-dessous, la derni\u00e8re version du sommaire de tous les Kits publi\u00e9s jusqu&rsquo;\u00e0 ce jour par l&rsquo;IPMS Belgium.<\/p>\n\n\n\n<div data-wp-interactive=\"core\/file\" class=\"wp-block-file\"><object data-wp-bind--hidden=\"!state.hasPdfPreview\" hidden class=\"wp-block-file__embed\" data=\"https:\/\/www.amicale-maquettistes.be\/wp-content\/uploads\/2026\/01\/Sommaire-du-Kit-220.pdf\" type=\"application\/pdf\" style=\"width:100%;height:600px\" aria-label=\"Contenu embarqu\u00e9 Sommaire du Kit 220.\"><\/object><a id=\"wp-block-file--media-d33edfd9-57db-4134-aa8a-6cf0e183d324\" href=\"https:\/\/www.amicale-maquettistes.be\/wp-content\/uploads\/2026\/01\/Sommaire-du-Kit-220.pdf\">Sommaire du Kit 220<\/a><a href=\"https:\/\/www.amicale-maquettistes.be\/wp-content\/uploads\/2026\/01\/Sommaire-du-Kit-220.pdf\" class=\"wp-block-file__button wp-element-button\" download aria-describedby=\"wp-block-file--media-d33edfd9-57db-4134-aa8a-6cf0e183d324\">T\u00e9l\u00e9charger<\/a><\/div>\n\n\n\n<h2 class=\"wp-block-heading\">Tableau de conversion des peintures<\/h2>\n\n\n\n<p>Parcourez ou t\u00e9l\u00e9chargez, ci-dessous, le tableau de conversion des peintures MRP, Humbrol, Vallejo, Tamiya et Gunze.<\/p>\n\n\n\n<div data-wp-interactive=\"core\/file\" class=\"wp-block-file\"><object data-wp-bind--hidden=\"!state.hasPdfPreview\" hidden class=\"wp-block-file__embed\" data=\"https:\/\/www.amicale-maquettistes.be\/wp-content\/uploads\/2025\/03\/Conversions.pdf\" type=\"application\/pdf\" style=\"width:100%;height:600px\" aria-label=\"Contenu embarqu\u00e9 Conversions.\"><\/object><a id=\"wp-block-file--media-0e7422aa-77a0-4bd1-9a7b-4a816d22ffb7\" href=\"https:\/\/www.amicale-maquettistes.be\/wp-content\/uploads\/2025\/03\/Conversions.pdf\">Conversions<\/a><a href=\"https:\/\/www.amicale-maquettistes.be\/wp-content\/uploads\/2025\/03\/Conversions.pdf\" class=\"wp-block-file__button wp-element-button\" download aria-describedby=\"wp-block-file--media-0e7422aa-77a0-4bd1-9a7b-4a816d22ffb7\">T\u00e9l\u00e9charger<\/a><\/div>\n","protected":false},"excerpt":{"rendered":"<p>Sommaire du Kit Parcourez ou t\u00e9l\u00e9chargez, ci-dessous, la derni\u00e8re version du sommaire de tous les Kits publi\u00e9s jusqu&rsquo;\u00e0 ce jour par l&rsquo;IPMS Belgium. Tableau de conversion des peintures Parcourez ou t\u00e9l\u00e9chargez, ci-dessous, le tableau de conversion des peintures MRP, Humbrol,<\/p>\n","protected":false},"author":1,"featured_media":0,"parent":0,"menu_order":0,"comment_status":"closed","ping_status":"closed","template":"","meta":{"footnotes":""},"class_list":["post-880","page","type-page","status-publish","hentry"],"_links":{"self":[{"href":"https:\/\/www.amicale-maquettistes.be\/index.php?rest_route=\/wp\/v2\/pages\/880","targetHints":{"allow":["GET"]}}],"collection":[{"href":"https:\/\/www.amicale-maquettistes.be\/index.php?rest_route=\/wp\/v2\/pages"}],"about":[{"href":"https:\/\/www.amicale-maquettistes.be\/index.php?rest_route=\/wp\/v2\/types\/page"}],"author":[{"embeddable":true,"href":"https:\/\/www.amicale-maquettistes.be\/index.php?rest_route=\/wp\/v2\/users\/1"}],"replies":[{"embeddable":true,"href":"https:\/\/www.amicale-maquettistes.be\/index.php?rest_route=%2Fwp%2Fv2%2Fcomments&post=880"}],"version-history":[{"count":29,"href":"https:\/\/www.amicale-maquettistes.be\/index.php?rest_route=\/wp\/v2\/pages\/880\/revisions"}],"predecessor-version":[{"id":2812,"href":"https:\/\/www.amicale-maquettistes.be\/index.php?rest_route=\/wp\/v2\/pages\/880\/revisions\/2812"}],"wp:attachment":[{"href":"https:\/\/www.amicale-maquettistes.be\/index.php?rest_route=%2Fwp%2Fv2%2Fmedia&parent=880"}],"curies":[{"name":"wp","href":"https:\/\/api.w.org\/{rel}","templated":true}]}}