{"id":70,"date":"2020-08-16T22:54:07","date_gmt":"2020-08-16T20:54:07","guid":{"rendered":"http:\/\/amicale-maquettistes.be\/?page_id=70"},"modified":"2025-10-12T12:08:43","modified_gmt":"2025-10-12T10:08:43","slug":"presentation","status":"publish","type":"page","link":"https:\/\/www.amicale-maquettistes.be\/","title":{"rendered":"Pr\u00e9sentation"},"content":{"rendered":"\n<p>Bienvenue sur le site de l\u2019Amicale des Maquettistes du Brabant (affili\u00e9 \u00e0 l&rsquo;<a href=\"http:\/\/www.ipms.be\" target=\"_blank\" rel=\"noreferrer noopener\">IPMS Belgium<\/a>).<\/p>\n\n\n\n<p>En 2009, quelques anciens maquettistes, fort de plus d\u2019une trentaine d\u2019ann\u00e9es de pratique, ont mis sur pied un concept original pour pouvoir exercer leur passion en toute libert\u00e9.<\/p>\n\n\n\n<p>Les avantages d\u2019un club sans les contraintes.<\/p>\n\n\n\n<p>Le principe est simple, il s\u2019agit d\u2019une amicale, regroupant uniquement des maquettistes ind\u00e9pendants, c&rsquo;est-\u00e0-dire qui exercent leur hobby chez eux, \u00e0 leur rythme et en toute libert\u00e9.<\/p>\n\n\n\n<p>Ils sont amateurs de voitures, figurines, avions, blind\u00e9s, bateaux, sous-marins, science-fiction, trains \u00e9lectriques (N160), paper-craft, etc\u2026<\/p>\n\n\n\n<p>Une fois par mois, une r\u00e9union est organis\u00e9e \u00e0 Gembloux ou \u00e0 Wavre. C\u2019est l\u2019occasion de se rencontrer dans une ambiance sympa, de montrer ses derni\u00e8res r\u00e9alisations, assister \u00e0 un expos\u00e9 technique ou historique, demander et donner des conseils, envisager et pr\u00e9parer visites et excursions.<\/p>\n\n\n\n<p>L\u2019affiliation est gratuite suivant certaines conditions (voir \u00ab <a href=\"http:\/\/amicale-maquettistes.be\/index.php\/membres\/\" data-type=\"page\" data-id=\"104\">Inscription<\/a> \u00bb)<\/p>\n\n\n\n<p>Bonne visite de notre site, et peut-\u00eatre \u00e0 bient\u00f4t\u2026<\/p>\n\n\n<div class=\"wp-block-image is-style-default\">\n<figure class=\"aligncenter size-full\"><img loading=\"lazy\" decoding=\"async\" width=\"1000\" height=\"735\" src=\"https:\/\/www.amicale-maquettistes.be\/wp-content\/uploads\/2023\/08\/stand.jpg\" alt=\"\" class=\"wp-image-1691\" srcset=\"https:\/\/www.amicale-maquettistes.be\/wp-content\/uploads\/2023\/08\/stand.jpg 1000w, https:\/\/www.amicale-maquettistes.be\/wp-content\/uploads\/2023\/08\/stand-300x221.jpg 300w, https:\/\/www.amicale-maquettistes.be\/wp-content\/uploads\/2023\/08\/stand-768x564.jpg 768w, https:\/\/www.amicale-maquettistes.be\/wp-content\/uploads\/2023\/08\/stand-640x470.jpg 640w\" sizes=\"auto, (max-width: 1000px) 100vw, 1000px\" \/><\/figure><\/div>\n\n\n<figure class=\"wp-block-gallery aligncenter has-nested-images columns-3 wp-block-gallery-1 is-layout-flex wp-block-gallery-is-layout-flex\"><\/figure>\n\n\n\n<p><\/p>\n","protected":false},"excerpt":{"rendered":"<p>Bienvenue sur le site de l\u2019Amicale des Maquettistes du Brabant (affili\u00e9 \u00e0 l&rsquo;IPMS Belgium). En 2009, quelques anciens maquettistes, fort de plus d\u2019une trentaine d\u2019ann\u00e9es de pratique, ont mis sur pied un concept original pour pouvoir exercer leur passion en<\/p>\n","protected":false},"author":1,"featured_media":0,"parent":0,"menu_order":0,"comment_status":"closed","ping_status":"closed","template":"","meta":{"footnotes":""},"class_list":["post-70","page","type-page","status-publish","hentry"],"_links":{"self":[{"href":"https:\/\/www.amicale-maquettistes.be\/index.php?rest_route=\/wp\/v2\/pages\/70","targetHints":{"allow":["GET"]}}],"collection":[{"href":"https:\/\/www.amicale-maquettistes.be\/index.php?rest_route=\/wp\/v2\/pages"}],"about":[{"href":"https:\/\/www.amicale-maquettistes.be\/index.php?rest_route=\/wp\/v2\/types\/page"}],"author":[{"embeddable":true,"href":"https:\/\/www.amicale-maquettistes.be\/index.php?rest_route=\/wp\/v2\/users\/1"}],"replies":[{"embeddable":true,"href":"https:\/\/www.amicale-maquettistes.be\/index.php?rest_route=%2Fwp%2Fv2%2Fcomments&post=70"}],"version-history":[{"count":28,"href":"https:\/\/www.amicale-maquettistes.be\/index.php?rest_route=\/wp\/v2\/pages\/70\/revisions"}],"predecessor-version":[{"id":2580,"href":"https:\/\/www.amicale-maquettistes.be\/index.php?rest_route=\/wp\/v2\/pages\/70\/revisions\/2580"}],"wp:attachment":[{"href":"https:\/\/www.amicale-maquettistes.be\/index.php?rest_route=%2Fwp%2Fv2%2Fmedia&parent=70"}],"curies":[{"name":"wp","href":"https:\/\/api.w.org\/{rel}","templated":true}]}}