{"id":1108,"date":"2022-06-12T19:06:09","date_gmt":"2022-06-12T17:06:09","guid":{"rendered":"http:\/\/amicale-maquettistes.be\/index.php\/petites-annonces\/"},"modified":"2024-03-22T19:40:27","modified_gmt":"2024-03-22T18:40:27","slug":"petites-annonces","status":"publish","type":"page","link":"https:\/\/www.amicale-maquettistes.be\/?page_id=1108","title":{"rendered":"Petites annonces"},"content":{"rendered":"<div id=\"classiwrapper\"><div class=\"uiwelcome\">Cliquez sur l'une des cat\u00e9gories, ci-dessous, pour voir les annonces qui y sont associ\u00e9es. Vous pouvez \u00e9galement effectuer une recherche.<\/div>\n<div class=\"awpcp-classifieds-search-bar\" data-breakpoints='{\"tiny\": [0,450]}' data-breakpoints-class-prefix=\"awpcp-classifieds-search-bar\">\n    <form action=\"https:\/\/www.amicale-maquettistes.be\/?page_id=1115\" method=\"get\">\n                    <input type=\"hidden\" name=\"page_id\" value=\"1115\" \/>\n                <input type=\"hidden\" name=\"awpcp-step\" value=\"dosearch\" \/>\n        <div class=\"awpcp-classifieds-search-bar--query-field\">\n            <label class=\"screen-reader-text\" for=\"awpcp-search-query-field\">Rechercher:<\/label>\n            <input id=\"awpcp-search-query-field\" type=\"text\" name=\"keywordphrase\" \/>\n        <\/div>\n        <div class=\"awpcp-classifieds-search-bar--submit-button\">\n            <input class=\"button\" type=\"submit\" value=\"Recherche\" \/>\n        <\/div>\n        <div class=\"awpcp-classifieds-search-bar--advanced-search-link\"><a href=\"https:\/\/www.amicale-maquettistes.be\/?page_id=1115\">Recherche avanc\u00e9e <\/a><\/div>\n    <\/form>\n<\/div>\n<ul class=\"awpcp-classifieds-menu awpcp-clearfix\" data-breakpoints='{\"tiny\": [0,400], \"small\": [400,500]}' data-breakpoints-class-prefix=\"awpcp-classifieds-menu\">\n    <li class=\"awpcp-classifieds-menu--menu-item awpcp-classifieds-menu--post-listing-menu-item\">\n        <a class=\"awpcp-classifieds-menu--menu-item-link button\" href=\"https:\/\/www.amicale-maquettistes.be\/?page_id=1112\">Ajouter une annonce<\/a>\n    <\/li>\n    <li class=\"awpcp-classifieds-menu--menu-item awpcp-classifieds-menu--browse-listings-menu-item\">\n        <a class=\"awpcp-classifieds-menu--menu-item-link button\" href=\"https:\/\/www.amicale-maquettistes.be\/?page_id=1114\">Parcourir toutes les annonces<\/a>\n    <\/li>\n    <li class=\"awpcp-classifieds-menu--menu-item awpcp-classifieds-menu--search-listings-menu-item\">\n        <a class=\"awpcp-classifieds-menu--menu-item-link button\" href=\"https:\/\/www.amicale-maquettistes.be\/?page_id=1115\">Rechercher des annonces<\/a>\n    <\/li>\n<\/ul>\n<div class=\"classifiedcats\"><div id=\"awpcpcatlayout\" class=\"awpcp-categories-list\"><ul class=\"top-level-categories showcategoriesmainlist clearfix\"><li class=\"columns-4\"><p class=\"top-level-category maincategoryclass\"><a class=\"toplevelitem\" href=\"https:\/\/www.amicale-maquettistes.be\/?page_id=1114&amp;awpcp_category_id=19\">Accessoires<\/a> (8)<a class=\"js-handler\" href=\"#\"><span><\/span><\/a><\/p><\/li><li class=\"columns-4\"><p class=\"top-level-category maincategoryclass\"><a class=\"toplevelitem\" href=\"https:\/\/www.amicale-maquettistes.be\/?page_id=1114&amp;awpcp_category_id=8\">Maquettes au 1\/24<\/a> (1)<a class=\"js-handler\" href=\"#\"><span><\/span><\/a><\/p><\/li><li class=\"columns-4\"><p class=\"top-level-category maincategoryclass\"><a class=\"toplevelitem\" href=\"https:\/\/www.amicale-maquettistes.be\/?page_id=1114&amp;awpcp_category_id=9\">Maquettes au 1\/32<\/a> (1)<a class=\"js-handler\" href=\"#\"><span><\/span><\/a><\/p><\/li><li class=\"columns-4\"><p class=\"top-level-category maincategoryclass\"><a class=\"toplevelitem\" href=\"https:\/\/www.amicale-maquettistes.be\/?page_id=1114&amp;awpcp_category_id=10\">Maquettes au 1\/35<\/a> (4)<a class=\"js-handler\" href=\"#\"><span><\/span><\/a><\/p><\/li><\/ul><ul class=\"top-level-categories showcategoriesmainlist clearfix\"><li class=\"columns-4\"><p class=\"top-level-category maincategoryclass\"><a class=\"toplevelitem\" href=\"https:\/\/www.amicale-maquettistes.be\/?page_id=1114&amp;awpcp_category_id=11\">Maquettes au 1\/48<\/a> (11)<a class=\"js-handler\" href=\"#\"><span><\/span><\/a><\/p><\/li><li class=\"columns-4\"><p class=\"top-level-category maincategoryclass\"><a class=\"toplevelitem\" href=\"https:\/\/www.amicale-maquettistes.be\/?page_id=1114&amp;awpcp_category_id=12\">Maquettes au 1\/72<\/a> (27)<a class=\"js-handler\" href=\"#\"><span><\/span><\/a><\/p><\/li><li class=\"columns-4\"><p class=\"top-level-category maincategoryclass\"><a class=\"toplevelitem\" href=\"https:\/\/www.amicale-maquettistes.be\/?page_id=1114&amp;awpcp_category_id=13\">Maquettes au 1\/87<\/a> (2)<a class=\"js-handler\" href=\"#\"><span><\/span><\/a><\/p><\/li><li class=\"columns-4\"><p class=\"top-level-category maincategoryclass\"><a class=\"toplevelitem\" href=\"https:\/\/www.amicale-maquettistes.be\/?page_id=1114&amp;awpcp_category_id=15\">Maquettes au 1\/144<\/a> (2)<a class=\"js-handler\" href=\"#\"><span><\/span><\/a><\/p><\/li><\/ul><ul class=\"top-level-categories showcategoriesmainlist clearfix\"><li class=\"columns-4\"><p class=\"top-level-category maincategoryclass\"><a class=\"toplevelitem\" href=\"https:\/\/www.amicale-maquettistes.be\/?page_id=1114&amp;awpcp_category_id=20\">Livres<\/a> (1)<a class=\"js-handler\" href=\"#\"><span><\/span><\/a><\/p><\/li><\/ul><\/div><div class=\"fixfloat\"><\/div><\/div><\/div>\n","protected":false},"excerpt":{"rendered":"","protected":false},"author":1,"featured_media":0,"parent":0,"menu_order":0,"comment_status":"closed","ping_status":"closed","template":"","meta":{"footnotes":""},"class_list":["post-1108","page","type-page","status-publish","hentry"],"_links":{"self":[{"href":"https:\/\/www.amicale-maquettistes.be\/index.php?rest_route=\/wp\/v2\/pages\/1108","targetHints":{"allow":["GET"]}}],"collection":[{"href":"https:\/\/www.amicale-maquettistes.be\/index.php?rest_route=\/wp\/v2\/pages"}],"about":[{"href":"https:\/\/www.amicale-maquettistes.be\/index.php?rest_route=\/wp\/v2\/types\/page"}],"author":[{"embeddable":true,"href":"https:\/\/www.amicale-maquettistes.be\/index.php?rest_route=\/wp\/v2\/users\/1"}],"replies":[{"embeddable":true,"href":"https:\/\/www.amicale-maquettistes.be\/index.php?rest_route=%2Fwp%2Fv2%2Fcomments&post=1108"}],"version-history":[{"count":1,"href":"https:\/\/www.amicale-maquettistes.be\/index.php?rest_route=\/wp\/v2\/pages\/1108\/revisions"}],"predecessor-version":[{"id":1997,"href":"https:\/\/www.amicale-maquettistes.be\/index.php?rest_route=\/wp\/v2\/pages\/1108\/revisions\/1997"}],"wp:attachment":[{"href":"https:\/\/www.amicale-maquettistes.be\/index.php?rest_route=%2Fwp%2Fv2%2Fmedia&parent=1108"}],"curies":[{"name":"wp","href":"https:\/\/api.w.org\/{rel}","templated":true}]}}